{"id":7366,"date":"2015-11-18T08:37:53","date_gmt":"2015-11-18T08:37:53","guid":{"rendered":"http:\/\/interior-design.cmsmasters.net\/?page_id=7366"},"modified":"2024-02-06T11:22:30","modified_gmt":"2024-02-06T16:22:30","slug":"home-store","status":"publish","type":"page","link":"https:\/\/planesdebodas.com\/","title":{"rendered":"Home"},"content":{"rendered":"<div id=\"cmsmasters_row_9bfcd40b25\" class=\"cmsmasters_row cmsmasters_color_scheme_default cmsmasters_row_top_default cmsmasters_row_bot_default cmsmasters_row_fullwidth\">\n<div class=\"cmsmasters_row_outer_parent\">\n<div class=\"cmsmasters_row_outer\">\n<div class=\"cmsmasters_row_inner cmsmasters_row_fullwidth\">\n<div class=\"cmsmasters_row_margin\">\n<div class=\"cmsmasters_column one_first\">\n<div class=\"cmsmasters_slider\">\n\t\t\t<!-- START home page slider REVOLUTION SLIDER 6.6.16 --><p class=\"rs-p-wp-fix\"><\/p>\n\t\t\t<rs-module-wrap id=\"rev_slider_1_1_wrapper\" data-source=\"gallery\" style=\"visibility:hidden;background:transparent;padding:0;margin:0px auto;margin-top:0;margin-bottom:0;\">\n\t\t\t\t<rs-module id=\"rev_slider_1_1\" style=\"\" data-version=\"6.6.16\">\n\t\t\t\t\t<rs-slides style=\"overflow: hidden; position: absolute;\">\n\t\t\t\t\t\t<rs-slide style=\"position: absolute;\" data-key=\"rs-1\" data-title=\"Slide\" data-thumb=\"\/\/planesdebodas.com\/wp-content\/uploads\/2023\/11\/Imagen-de-WhatsApp-2023-11-04-a-las-18.34.08_4b3d20fc-100x50.jpg\" data-anim=\"e:slidingoverlay;ms:2000;\" data-in=\"o:1;y:100%;\" data-out=\"a:false;\">\n\t\t\t\t\t\t\t<img decoding=\"async\" src=\"\/\/planesdebodas.com\/wp-content\/plugins\/revslider\/public\/assets\/assets\/dummy.png\" alt=\"\" title=\"Imagen de WhatsApp 2023-11-04 a las 18.34.08_4b3d20fc\" width=\"1280\" height=\"720\" class=\"rev-slidebg tp-rs-img rs-lazyload\" data-lazyload=\"\/\/planesdebodas.com\/wp-content\/uploads\/2023\/11\/Imagen-de-WhatsApp-2023-11-04-a-las-18.34.08_4b3d20fc.jpg\" data-panzoom=\"d:10000;ss:100;se:120;os:80\/-80;oe:-80\/80;\" data-no-retina>\n<!--\n\t\t\t\t\t\t\t--><rs-layer\n\t\t\t\t\t\t\t\tid=\"slider-1-slide-1-layer-1\" \n\t\t\t\t\t\t\t\tdata-type=\"text\"\n\t\t\t\t\t\t\t\tdata-color=\"rgba(255,255,255,1)\"\n\t\t\t\t\t\t\t\tdata-rsp_ch=\"on\"\n\t\t\t\t\t\t\t\tdata-xy=\"x:l,l,c,c;xo:380px,111px,0,-2px;yo:330px,263px,259px,196px;\"\n\t\t\t\t\t\t\t\tdata-text=\"s:90,90,90,60;l:100;fw:700;\"\n\t\t\t\t\t\t\t\tdata-frame_0=\"o:1;\"\n\t\t\t\t\t\t\t\tdata-frame_0_chars=\"d:10;x:-105%;o:1;rX:0deg;rY:0deg;rZ:-90deg;\"\n\t\t\t\t\t\t\t\tdata-frame_0_mask=\"u:t;\"\n\t\t\t\t\t\t\t\tdata-frame_1=\"e:power4.inOut;sp:1500;\"\n\t\t\t\t\t\t\t\tdata-frame_1_chars=\"d:10;\"\n\t\t\t\t\t\t\t\tdata-frame_1_mask=\"u:t;\"\n\t\t\t\t\t\t\t\tdata-frame_999=\"o:0;e:nothing;st:w;\"\n\t\t\t\t\t\t\t\tstyle=\"z-index:5;font-family:'Raleway';\"\n\t\t\t\t\t\t\t>Cotizaciones \n\t\t\t\t\t\t\t<\/rs-layer><!--\n\n\t\t\t\t\t\t\t--><rs-layer\n\t\t\t\t\t\t\t\tid=\"slider-1-slide-1-layer-2\" \n\t\t\t\t\t\t\t\tdata-type=\"text\"\n\t\t\t\t\t\t\t\tdata-color=\"rgba(255,255,255,1)\"\n\t\t\t\t\t\t\t\tdata-rsp_ch=\"on\"\n\t\t\t\t\t\t\t\tdata-xy=\"x:l,l,c,c;xo:380px,110px,0,3px;yo:430px,368px,368px,267px;\"\n\t\t\t\t\t\t\t\tdata-text=\"s:90,90,90,60;l:100;fw:700;\"\n\t\t\t\t\t\t\t\tdata-frame_0=\"o:1;\"\n\t\t\t\t\t\t\t\tdata-frame_0_chars=\"d:10;x:-105%;o:1;rX:0deg;rY:0deg;rZ:-90deg;\"\n\t\t\t\t\t\t\t\tdata-frame_0_mask=\"u:t;\"\n\t\t\t\t\t\t\t\tdata-frame_1=\"e:power4.inOut;st:120;sp:1500;\"\n\t\t\t\t\t\t\t\tdata-frame_1_chars=\"d:10;\"\n\t\t\t\t\t\t\t\tdata-frame_1_mask=\"u:t;\"\n\t\t\t\t\t\t\t\tdata-frame_999=\"o:0;e:nothing;st:w;\"\n\t\t\t\t\t\t\t\tstyle=\"z-index:6;font-family:'Raleway';\"\n\t\t\t\t\t\t\t>de Bodas \n\t\t\t\t\t\t\t<\/rs-layer><!--\n\n\t\t\t\t\t\t\t--><rs-layer\n\t\t\t\t\t\t\t\tid=\"slider-1-slide-1-layer-7\" \n\t\t\t\t\t\t\t\tclass=\"rev-btn\"\n\t\t\t\t\t\t\t\tdata-type=\"button\"\n\t\t\t\t\t\t\t\tdata-color=\"rgba(255,121,47,1)\"\n\t\t\t\t\t\t\t\tdata-rsp_ch=\"on\"\n\t\t\t\t\t\t\t\tdata-xy=\"x:l,l,l,c;xo:387px,116px,200px,0;yo:582px,551px,542px,408px;\"\n\t\t\t\t\t\t\t\tdata-text=\"w:normal;s:14,14,14,18;l:14,14,14,16;fw:700;\"\n\t\t\t\t\t\t\t\tdata-dim=\"w:281px,281px,281px,200px;h:48px,48px,48px,auto;\"\n\t\t\t\t\t\t\t\tdata-actions='o:click;a:simplelink;target:_self;url:https:\/\/planesdebodas.com\/index.php\/service\/organizar-fiesta-de-boda-matrimonio-cotizaciones-todo-incluido-para-eventos-y-fiestas-en-bogota\/;'\n\t\t\t\t\t\t\t\tdata-padding=\"t:17;r:50;b:17;l:50;\"\n\t\t\t\t\t\t\t\tdata-border=\"bor:24px,24px,24px,24px;\"\n\t\t\t\t\t\t\t\tdata-frame_0=\"y:bottom;o:1;rX:-20deg;rY:-20deg;\"\n\t\t\t\t\t\t\t\tdata-frame_1=\"e:power3.out;st:1210;sp:1250;\"\n\t\t\t\t\t\t\t\tdata-frame_999=\"o:0;e:nothing;st:w;\"\n\t\t\t\t\t\t\t\tdata-frame_hover=\"c:#fff;bgc:#ff792f;boc:#ff792f;bor:24px,24px,24px,24px;bos:solid;oX:50;oY:50;sp:400;e:power1.inOut;\"\n\t\t\t\t\t\t\t\tstyle=\"z-index:7;background-color:rgba(255,255,255,1);font-family:'Open Sans';cursor:pointer;outline:none;box-shadow:none;box-sizing:border-box;-moz-box-sizing:border-box;-webkit-box-sizing:border-box;\"\n\t\t\t\t\t\t\t>VER PLANES PARA BODAS \n\t\t\t\t\t\t\t<\/rs-layer><!--\n-->\t\t\t\t\t\t<\/rs-slide>\n\t\t\t\t\t\t<rs-slide style=\"position: absolute;\" data-key=\"rs-2\" data-title=\"Slide\" data-thumb=\"\/\/planesdebodas.com\/wp-content\/uploads\/2023\/11\/WhatsApp-Image-2022-11-12-at-7.01.58-PM-1-100x50.jpeg\" data-anim=\"e:slidingoverlay;ms:300;\" data-in=\"o:1;y:100%;\" data-out=\"a:false;\">\n\t\t\t\t\t\t\t<img decoding=\"async\" src=\"\/\/planesdebodas.com\/wp-content\/plugins\/revslider\/public\/assets\/assets\/dummy.png\" alt=\"\" title=\"WhatsApp Image 2022-11-12 at 7.01.58 PM (1)\" width=\"1280\" height=\"605\" class=\"rev-slidebg tp-rs-img rs-lazyload\" data-lazyload=\"\/\/planesdebodas.com\/wp-content\/uploads\/2023\/11\/WhatsApp-Image-2022-11-12-at-7.01.58-PM-1.jpeg\" data-panzoom=\"d:10000;ss:100;se:120;os:-50\/0;\" data-no-retina>\n<!--\n\t\t\t\t\t\t\t--><rs-layer\n\t\t\t\t\t\t\t\tid=\"slider-1-slide-2-layer-1\" \n\t\t\t\t\t\t\t\tdata-type=\"text\"\n\t\t\t\t\t\t\t\tdata-color=\"rgba(255,255,255,1)\"\n\t\t\t\t\t\t\t\tdata-rsp_ch=\"on\"\n\t\t\t\t\t\t\t\tdata-xy=\"x:c;xo:0,0,1px,-1px;yo:350px,214px,180px,183px;\"\n\t\t\t\t\t\t\t\tdata-text=\"w:nowrap,nowrap,normal,normal;s:68,80,90,70;l:100,100,90,70;fw:700;a:center;\"\n\t\t\t\t\t\t\t\tdata-dim=\"w:auto,auto,532px,350px;h:auto,auto,324px,auto;\"\n\t\t\t\t\t\t\t\tdata-frame_0=\"o:1;\"\n\t\t\t\t\t\t\t\tdata-frame_0_chars=\"d:5;y:100%;o:1;rZ:-35deg;\"\n\t\t\t\t\t\t\t\tdata-frame_0_mask=\"u:t;\"\n\t\t\t\t\t\t\t\tdata-frame_1=\"e:power4.inOut;st:70;sp:1500;\"\n\t\t\t\t\t\t\t\tdata-frame_1_chars=\"d:5;\"\n\t\t\t\t\t\t\t\tdata-frame_1_mask=\"u:t;\"\n\t\t\t\t\t\t\t\tdata-frame_999=\"o:0;e:nothing;st:w;\"\n\t\t\t\t\t\t\t\tstyle=\"z-index:5;font-family:'Raleway';\"\n\t\t\t\t\t\t\t>Alquileres para bodas \n\t\t\t\t\t\t\t<\/rs-layer><!--\n\n\t\t\t\t\t\t\t--><rs-layer\n\t\t\t\t\t\t\t\tid=\"slider-1-slide-2-layer-2\" \n\t\t\t\t\t\t\t\tdata-type=\"text\"\n\t\t\t\t\t\t\t\tdata-color=\"rgba(255,255,255,1)\"\n\t\t\t\t\t\t\t\tdata-rsp_ch=\"on\"\n\t\t\t\t\t\t\t\tdata-xy=\"x:c;xo:0,0,0,3px;yo:453px,326px,475px,327px;\"\n\t\t\t\t\t\t\t\tdata-text=\"w:normal;s:22,22,18,16;l:32,32,28,22;a:center;\"\n\t\t\t\t\t\t\t\tdata-dim=\"w:601px,615px,440px,350px;h:auto,66px,85px,77px;\"\n\t\t\t\t\t\t\t\tdata-vbility=\"t,t,t,f\"\n\t\t\t\t\t\t\t\tdata-frame_1=\"e:power2.inOut;st:1840;sp:750;\"\n\t\t\t\t\t\t\t\tdata-frame_999=\"o:0;e:nothing;st:w;\"\n\t\t\t\t\t\t\t\tstyle=\"z-index:6;font-family:'Open Sans';\"\n\t\t\t\t\t\t\t>Alquiler de mesas, sillas, menaje, manteleria y decoraci\u00f3n tematica para bodas en Bogot\u00e1<br>  \n\t\t\t\t\t\t\t<\/rs-layer><!--\n\n\t\t\t\t\t\t\t--><rs-layer\n\t\t\t\t\t\t\t\tid=\"slider-1-slide-2-layer-10\" \n\t\t\t\t\t\t\t\tclass=\"rev-btn\"\n\t\t\t\t\t\t\t\tdata-type=\"button\"\n\t\t\t\t\t\t\t\tdata-color=\"rgba(255,255,255,1)\"\n\t\t\t\t\t\t\t\tdata-rsp_ch=\"on\"\n\t\t\t\t\t\t\t\tdata-xy=\"xo:750px,447px,164px,128px;yo:580px,504px,690px,484px;\"\n\t\t\t\t\t\t\t\tdata-text=\"s:14,14,14,18;l:14,14,14,18;fw:600;\"\n\t\t\t\t\t\t\t\tdata-actions='o:click;a:simplelink;target:_self;url:https:\/\/planesdebodas.com\/index.php\/service\/alquiler-de-mesas-sillas-vajilla-cristaleria-manteles-para-eventos-en-bogota\/;'\n\t\t\t\t\t\t\t\tdata-padding=\"t:17;r:46;b:17;l:46;\"\n\t\t\t\t\t\t\t\tdata-border=\"bor:24px,24px,24px,24px;\"\n\t\t\t\t\t\t\t\tdata-frame_0=\"y:100%;\"\n\t\t\t\t\t\t\t\tdata-frame_1=\"e:power4.inOut;st:2050;sp:1190;\"\n\t\t\t\t\t\t\t\tdata-frame_999=\"o:0;e:nothing;st:w;\"\n\t\t\t\t\t\t\t\tdata-frame_hover=\"c:#ff701a;bgc:#fff;boc:#fff;bor:24px,24px,24px,24px;bos:solid;oX:50;oY:50;sp:400;e:power1.inOut;\"\n\t\t\t\t\t\t\t\tstyle=\"z-index:7;background-color:rgba(255,112,26,1);font-family:'Open Sans';cursor:pointer;outline:none;box-shadow:none;box-sizing:border-box;-moz-box-sizing:border-box;-webkit-box-sizing:border-box;\"\n\t\t\t\t\t\t\t>VER ARTICULOS DE ALQUILER \n\t\t\t\t\t\t\t<\/rs-layer><!--\n-->\t\t\t\t\t\t<\/rs-slide>\n\t\t\t\t\t<\/rs-slides>\n\t\t\t\t<\/rs-module>\n\t\t\t\t<script>\n\t\t\t\t\tsetREVStartSize({c: 'rev_slider_1_1',rl:[1240,1024,778,480],el:[895,768,960,720],gw:[1920,1360,778,480],gh:[895,768,960,720],type:'standard',justify:'',layout:'fullwidth',mh:\"0\"});if (window.RS_MODULES!==undefined && window.RS_MODULES.modules!==undefined && window.RS_MODULES.modules[\"revslider11\"]!==undefined) {window.RS_MODULES.modules[\"revslider11\"].once = false;window.revapi1 = undefined;if (window.RS_MODULES.checkMinimal!==undefined) window.RS_MODULES.checkMinimal()}\n\t\t\t\t<\/script>\n\t\t\t<\/rs-module-wrap>\n\t\t\t<!-- END REVOLUTION SLIDER -->\n<\/div>\n<\/div>\n<\/div>\n<\/div>\n<\/div>\n<\/div>\n<\/div>\n<div id=\"cmsmasters_row_32ed13df8f\" class=\"cmsmasters_row cmsmasters_color_scheme_default cmsmasters_row_top_default cmsmasters_row_bot_zigzag cmsmasters_row_boxed\">\n<div class=\"cmsmasters_row_outer_parent\">\n<div class=\"cmsmasters_row_outer\">\n<div class=\"cmsmasters_row_inner\">\n<div class=\"cmsmasters_row_margin\">\n<div class=\"cmsmasters_column one_fourth\">\n<div id=\"cmsmasters_icon_46327d2360\" class=\"cmsmasters_icon_wrap\"><span class=\"cmsmasters_simple_icon cmsmasters-icon-custom-love\"><\/span><\/div>\n<div id=\"cmsmasters_heading_f21af56a9a\" class=\"cmsmasters_heading_wrap cmsmasters_heading_align_center\">\n\t<h2 class=\"cmsmasters_heading\">Planes todo incluido<\/h2>\n<\/div><div class=\"cmsmasters_text\">\n<p style=\"text-align: center;\">Paquetes para matrimonios. Precios para la organizacion de tu boda.<\/p>\n<\/div>\n<div id=\"cmsmasters_button_997b00adae\" class=\"button_wrap\"><a href=\"https:\/\/planesdebodas.com\/index.php\/service\/organizar-fiesta-de-boda-matrimonio-cotizaciones-todo-incluido-para-eventos-y-fiestas-en-bogota\/\" class=\"cmsmasters_button\"><span>Ver Cotizaciones<\/span><\/a><\/div>\n<\/div>\n<div class=\"cmsmasters_column one_fourth\">\n<div id=\"cmsmasters_icon_6ca55e4a51\" class=\"cmsmasters_icon_wrap\"><span class=\"cmsmasters_simple_icon cmsmasters-icon-custom-champagne\"><\/span><\/div>\n<div id=\"cmsmasters_heading_a8db41c6f6\" class=\"cmsmasters_heading_wrap cmsmasters_heading_align_center\">\n\t<h2 class=\"cmsmasters_heading\">Alquiler para eventos<\/h2>\n<\/div><div class=\"cmsmasters_text\">\n<p style=\"text-align: center;\">Alquiler de mesas, sillas, manteles, menaje y articulos tematica vintage.<\/p>\n<\/div>\n<div id=\"cmsmasters_button_c254ede3b6\" class=\"button_wrap\"><a href=\"https:\/\/planesdebodas.com\/index.php\/service\/alquiler-de-mesas-sillas-vajilla-cristaleria-manteles-para-eventos-en-bogota\/\" class=\"cmsmasters_button\"><span>Ver lista de alquileres <\/span><\/a><\/div>\n<\/div>\n<div class=\"cmsmasters_column one_fourth\">\n<div id=\"cmsmasters_icon_xxiya41bf5\" class=\"cmsmasters_icon_wrap\"><span class=\"cmsmasters_simple_icon cmsmasters-icon-custom-cake\"><\/span><\/div>\n<div id=\"cmsmasters_heading_dxcy6502k\" class=\"cmsmasters_heading_wrap cmsmasters_heading_align_center\">\n\t<h2 class=\"cmsmasters_heading\">Buffet para bodas<\/h2>\n<\/div><div class=\"cmsmasters_text\">\n<p style=\"text-align: center;\">Buffet para matrimonio, con un amplio portafolio gastronomico.<\/p>\n<\/div>\n<div id=\"cmsmasters_button_v8ohgfzk\" class=\"button_wrap\"><a href=\"https:\/\/planesdebodas.com\/index.php\/service\/buffet-para-bodas-catering-cenas-paellas-para-bodas-matrimonios-en-bogota\/\" class=\"cmsmasters_button\"><span>Nuestro Men\u00fa<\/span><\/a><\/div>\n<\/div>\n<div class=\"cmsmasters_column one_fourth\">\n<div id=\"cmsmasters_icon_97504e15db\" class=\"cmsmasters_icon_wrap\"><span class=\"cmsmasters_simple_icon cmsmasters-icon-custom-firework\"><\/span><\/div>\n<div id=\"cmsmasters_heading_0938484bf9\" class=\"cmsmasters_heading_wrap cmsmasters_heading_align_center\">\n\t<h2 class=\"cmsmasters_heading\">Mesas de postres tem\u00e1ticas<\/h2>\n<\/div><div class=\"cmsmasters_text\">\n<p style=\"text-align: center;\"><em>Mesas de postres y dulces tem\u00e1ticas para bodas.<\/em><\/p>\n<\/div>\n<div id=\"cmsmasters_button_09b137febd\" class=\"button_wrap\"><a href=\"https:\/\/planesdebodas.com\/index.php\/service\/mesas-stands-tematicas-mesas-para-postres\/\" class=\"cmsmasters_button\"><span>Nuestro Men\u00fa<\/span><\/a><\/div>\n<\/div>\n<\/div>\n<\/div>\n<\/div>\n<\/div>\n<\/div>\n<div id=\"cmsmasters_row_b1117bd69f\" class=\"cmsmasters_row cmsmasters_color_scheme_default cmsmasters_row_top_default cmsmasters_row_bot_default cmsmasters_row_boxed\" data-stellar-background-ratio=\"0.5\">\n<div class=\"cmsmasters_row_outer_parent\">\n<div class=\"cmsmasters_row_outer\">\n<div class=\"cmsmasters_row_inner\">\n<div class=\"cmsmasters_row_margin\">\n<div class=\"cmsmasters_column one_first\">\n<div id=\"cmsmasters_heading_27bc23219f\" class=\"cmsmasters_heading_wrap cmsmasters_heading_align_center\">\n\t<h1 class=\"cmsmasters_heading\">Servicios para bodas en Bogot\u00e1<\/h1>\n<\/div><div id=\"cmsmasters_heading_f684b8acd1\" class=\"cmsmasters_heading_wrap cmsmasters_heading_align_center\">\n\t<h3 class=\"cmsmasters_heading\">Somos especialistas en la realizacion de bodas, con mas de 9 a\u00f1os de experiencia en la producci\u00f3n integral o parcial de matrimonios dentro y fuera de Bogot\u00e1. Contamos con un amplio portafolio de servicios, desde la renta de mobiliario, manteleria, articulos decorativos, banqueteria y m\u00e1s, hasta la produccion total del evento con planes todo incluido, precisamente dise\u00f1ados para brindar la mejor experiencia en la organizacion y desarrollo en fiestas de matrimonio. A continuaci\u00f3n indicamos los servicios m\u00e1s solicitados. Gracias por visitarnos.<\/h3>\n<\/div>\n<div id=\"cmsmasters_divider_6f5b9ce17a\" class=\"cl\"><\/div>\n<div id=\"cmsmasters_button_997b00adae\" class=\"button_wrap\"><a href=\"https:\/\/planesdebodas.com\/index.php\/contacts\/\" class=\"cmsmasters_button\"><span>Contactenos<\/span><\/a><\/div>\n<\/div>\n<\/div>\n<\/div>\n<\/div>\n<\/div>\n<\/div>\n<div id=\"cmsmasters_row_ad57e9f94a\" class=\"cmsmasters_row cmsmasters_color_scheme_default cmsmasters_row_top_default cmsmasters_row_bot_default cmsmasters_row_boxed\">\n<div class=\"cmsmasters_row_outer_parent\">\n<div class=\"cmsmasters_row_outer\">\n<div class=\"cmsmasters_row_inner\">\n<div class=\"cmsmasters_row_margin\">\n<div class=\"cmsmasters_column one_first\">\n<div id=\"cmsmasters_heading_3c39bb4544\" class=\"cmsmasters_heading_wrap cmsmasters_heading_align_center\">\n\t<h1 class=\"cmsmasters_heading\">Planes para Eventos<\/h1>\n<\/div><div class=\"cmsmasters_posts_slider\" >\r\n\t\t<div id=\"cmsmasters_slider_9a159d8573\" class=\"cmsmasters_owl_slider owl-carousel\" data-items=\"4\" data-single-item=\"false\" data-auto-play=\"4000\" data-pagination=\"false\"><div class=\"cmsmasters_owl_slider_item\">\r\n<!--_________________________ Start Standard Service _________________________ -->\r\n\r\n<article id=\"post-12741\" class=\"cmsmasters_slider_project post-12741 project type-project status-publish format-standard has-post-thumbnail hentry pj-categs-cotizaciones-matrimonios\">\r\n\t<div class=\"cmsmasters_slider_project_outer\">\r\n\t\t<div class=\"project_outer_image_wrap\">\r\n\t\t\r\n\t\t<div class=\"project_outer_image_wrap_meta entry-meta\"><div class=\"project_outer_image_wrap_meta_bottom entry-meta\"><header class=\"cmsmasters_slider_project_header entry-header\"><h2 class=\"cmsmasters_slider_project_title entry-title\"><a href=\"https:\/\/planesdebodas.com\/index.php\/service\/mesas-stands-tematicas-mesas-para-postres\/\">Mesas Stands Tematicas &#8211; Mesas para Postres<\/a><\/h2><\/header><\/div><\/div><figure class=\"cmsmasters_img_rollover_wrap preloader\"><img loading=\"lazy\" decoding=\"async\" width=\"580\" height=\"378\" src=\"https:\/\/planesdebodas.com\/wp-content\/uploads\/2016\/10\/Imagen-de-WhatsApp-2023-05-07-a-las-13.20.17-580x378.jpg\" class=\"full-width wp-post-image\" alt=\"Mesas Stands Tematicas &#8211; Mesas para Postres\" title=\"Mesas Stands Tematicas &#8211; Mesas para Postres\" \/><div class=\"cmsmasters_img_rollover\"><a href=\"https:\/\/planesdebodas.com\/index.php\/service\/mesas-stands-tematicas-mesas-para-postres\/\" title=\"Mesas Stands Tematicas &#8211; Mesas para Postres\" class=\"cmsmasters_open_link\"><\/a><\/div><\/figure><\/div>\t<\/div>\r\n<\/article>\r\n<!--_________________________ Finish Standard Service _________________________ -->\r\n\r\n<\/div><div class=\"cmsmasters_owl_slider_item\">\r\n<!--_________________________ Start Standard Service _________________________ -->\r\n\r\n<article id=\"post-12743\" class=\"cmsmasters_slider_project post-12743 project type-project status-publish format-standard has-post-thumbnail hentry pj-categs-cotizaciones-matrimonios\">\r\n\t<div class=\"cmsmasters_slider_project_outer\">\r\n\t\t<div class=\"project_outer_image_wrap\">\r\n\t\t\r\n\t\t<div class=\"project_outer_image_wrap_meta entry-meta\"><div class=\"project_outer_image_wrap_meta_bottom entry-meta\"><header class=\"cmsmasters_slider_project_header entry-header\"><h2 class=\"cmsmasters_slider_project_title entry-title\"><a href=\"https:\/\/planesdebodas.com\/index.php\/service\/alquiler-de-mesas-sillas-vajilla-cristaleria-manteles-para-eventos-en-bogota\/\">Alquiler para eventos en Bogot\u00e1<\/a><\/h2><\/header><\/div><\/div><figure class=\"cmsmasters_img_rollover_wrap preloader\"><img loading=\"lazy\" decoding=\"async\" width=\"580\" height=\"378\" src=\"https:\/\/planesdebodas.com\/wp-content\/uploads\/2016\/10\/Imagen-de-WhatsApp-2023-06-23-a-las-19.23.361-580x378.jpg\" class=\"full-width wp-post-image\" alt=\"Alquiler para eventos en Bogot\u00e1\" title=\"Alquiler para eventos en Bogot\u00e1\" \/><div class=\"cmsmasters_img_rollover\"><a href=\"https:\/\/planesdebodas.com\/index.php\/service\/alquiler-de-mesas-sillas-vajilla-cristaleria-manteles-para-eventos-en-bogota\/\" title=\"Alquiler para eventos en Bogot\u00e1\" class=\"cmsmasters_open_link\"><\/a><\/div><\/figure><\/div>\t<\/div>\r\n<\/article>\r\n<!--_________________________ Finish Standard Service _________________________ -->\r\n\r\n<\/div><div class=\"cmsmasters_owl_slider_item\">\r\n<!--_________________________ Start Standard Service _________________________ -->\r\n\r\n<article id=\"post-12746\" class=\"cmsmasters_slider_project post-12746 project type-project status-publish format-standard has-post-thumbnail hentry pj-categs-cotizaciones-matrimonios\">\r\n\t<div class=\"cmsmasters_slider_project_outer\">\r\n\t\t<div class=\"project_outer_image_wrap\">\r\n\t\t\r\n\t\t<div class=\"project_outer_image_wrap_meta entry-meta\"><div class=\"project_outer_image_wrap_meta_bottom entry-meta\"><header class=\"cmsmasters_slider_project_header entry-header\"><h2 class=\"cmsmasters_slider_project_title entry-title\"><a href=\"https:\/\/planesdebodas.com\/index.php\/service\/buffet-para-bodas-catering-cenas-paellas-para-bodas-matrimonios-en-bogota\/\">Buffet para eventos<\/a><\/h2><\/header><\/div><\/div><figure class=\"cmsmasters_img_rollover_wrap preloader\"><img loading=\"lazy\" decoding=\"async\" width=\"580\" height=\"378\" src=\"https:\/\/planesdebodas.com\/wp-content\/uploads\/2016\/10\/menu-gourmet-dos-carnes-Arroz-Tamalito-Bouquetier26-580x378.jpg\" class=\"full-width wp-post-image\" alt=\"Buffet para eventos\" title=\"Buffet para eventos\" \/><div class=\"cmsmasters_img_rollover\"><a href=\"https:\/\/planesdebodas.com\/index.php\/service\/buffet-para-bodas-catering-cenas-paellas-para-bodas-matrimonios-en-bogota\/\" title=\"Buffet para eventos\" class=\"cmsmasters_open_link\"><\/a><\/div><\/figure><\/div>\t<\/div>\r\n<\/article>\r\n<!--_________________________ Finish Standard Service _________________________ -->\r\n\r\n<\/div><div class=\"cmsmasters_owl_slider_item\">\r\n<!--_________________________ Start Standard Service _________________________ -->\r\n\r\n<article id=\"post-12748\" class=\"cmsmasters_slider_project post-12748 project type-project status-publish format-standard has-post-thumbnail hentry pj-categs-cotizaciones-matrimonios\">\r\n\t<div class=\"cmsmasters_slider_project_outer\">\r\n\t\t<div class=\"project_outer_image_wrap\">\r\n\t\t\r\n\t\t<div class=\"project_outer_image_wrap_meta entry-meta\"><div class=\"project_outer_image_wrap_meta_bottom entry-meta\"><header class=\"cmsmasters_slider_project_header entry-header\"><h2 class=\"cmsmasters_slider_project_title entry-title\"><a href=\"https:\/\/planesdebodas.com\/index.php\/service\/organizar-fiesta-de-boda-matrimonio-cotizaciones-todo-incluido-para-eventos-y-fiestas-en-bogota\/\">Organizar fiesta de boda \/ matrimonio<\/a><\/h2><\/header><\/div><\/div><figure class=\"cmsmasters_img_rollover_wrap preloader\"><img loading=\"lazy\" decoding=\"async\" width=\"580\" height=\"378\" src=\"https:\/\/planesdebodas.com\/wp-content\/uploads\/2016\/10\/Imagen-de-WhatsApp-2023-11-04-a-las-18.34.13_e2147d38-1-580x378.jpg\" class=\"full-width wp-post-image\" alt=\"Organizar fiesta de boda \/ matrimonio\" title=\"Organizar fiesta de boda \/ matrimonio\" \/><div class=\"cmsmasters_img_rollover\"><a href=\"https:\/\/planesdebodas.com\/index.php\/service\/organizar-fiesta-de-boda-matrimonio-cotizaciones-todo-incluido-para-eventos-y-fiestas-en-bogota\/\" title=\"Organizar fiesta de boda \/ matrimonio\" class=\"cmsmasters_open_link\"><\/a><\/div><\/figure><\/div>\t<\/div>\r\n<\/article>\r\n<!--_________________________ Finish Standard Service _________________________ -->\r\n\r\n<\/div><\/div><\/div>\n<\/div>\n<\/div>\n<\/div>\n<\/div>\n<\/div>\n<\/div>\n<div id=\"cmsmasters_row_50b09912b8\" class=\"cmsmasters_row cmsmasters_color_scheme_default cmsmasters_row_top_default cmsmasters_row_bot_default cmsmasters_row_fullwidth\">\n<div class=\"cmsmasters_row_outer_parent\">\n<div class=\"cmsmasters_row_outer\">\n<div class=\"cmsmasters_row_inner cmsmasters_row_fullwidth\">\n<div class=\"cmsmasters_row_margin\">\n<div class=\"cmsmasters_column one_first\">\n<div id=\"cmsmasters_divider_f81ad194a9\" class=\"cmsmasters_divider cmsmasters_divider_width_long cmsmasters_divider_pos_center\"><\/div>\n<\/div>\n<\/div>\n<\/div>\n<\/div>\n<\/div>\n<\/div>\n<div id=\"cmsmasters_row_9c20212572\" class=\"cmsmasters_row cmsmasters_color_scheme_default cmsmasters_home_form cmsmasters_row_top_default cmsmasters_row_bot_default cmsmasters_row_boxed\">\n<div class=\"cmsmasters_row_outer_parent\">\n<div class=\"cmsmasters_row_outer\">\n<div class=\"cmsmasters_row_inner\">\n<div class=\"cmsmasters_row_margin\">\n<div class=\"cmsmasters_column one_fourth\">\n<\/div>\n<div class=\"cmsmasters_column one_half\">\n<div id=\"cmsmasters_heading_80197bf28c\" class=\"cmsmasters_heading_wrap cmsmasters_heading_align_center\">\n\t<h1 class=\"cmsmasters_heading\">Cont\u00e1cta con nuestros asesores!<\/h1>\n<\/div>\n<div class=\"cmsmasters_contact_form\">\n<div class=\"wpcf7 no-js\" id=\"wpcf7-f13155-o1\" lang=\"es-ES\" dir=\"ltr\" data-wpcf7-id=\"13155\">\n<div class=\"screen-reader-response\"><p role=\"status\" aria-live=\"polite\" aria-atomic=\"true\"><\/p> <ul><\/ul><\/div>\n<form action=\"\/index.php\/wp-json\/wp\/v2\/pages\/7366#wpcf7-f13155-o1\" method=\"post\" class=\"wpcf7-form init\" aria-label=\"Formulario de contacto\" novalidate=\"novalidate\" data-status=\"init\">\n<fieldset class=\"hidden-fields-container\"><input type=\"hidden\" name=\"_wpcf7\" value=\"13155\" \/><input type=\"hidden\" name=\"_wpcf7_version\" value=\"6.1.4\" \/><input type=\"hidden\" name=\"_wpcf7_locale\" value=\"es_ES\" \/><input type=\"hidden\" name=\"_wpcf7_unit_tag\" value=\"wpcf7-f13155-o1\" \/><input type=\"hidden\" name=\"_wpcf7_container_post\" value=\"0\" \/><input type=\"hidden\" name=\"_wpcf7_posted_data_hash\" value=\"\" \/>\n<\/fieldset>\n<p><label> Tu nombre<br \/>\n<span class=\"wpcf7-form-control-wrap\" data-name=\"your-name\"><input size=\"40\" maxlength=\"400\" class=\"wpcf7-form-control wpcf7-text wpcf7-validates-as-required\" autocomplete=\"name\" aria-required=\"true\" aria-invalid=\"false\" value=\"\" type=\"text\" name=\"your-name\" \/><\/span> <\/label>\n<\/p>\n<p><label> Tu correo electr\u00f3nico<br \/>\n<span class=\"wpcf7-form-control-wrap\" data-name=\"your-email\"><input size=\"40\" maxlength=\"400\" class=\"wpcf7-form-control wpcf7-email wpcf7-validates-as-required wpcf7-text wpcf7-validates-as-email\" autocomplete=\"email\" aria-required=\"true\" aria-invalid=\"false\" value=\"\" type=\"email\" name=\"your-email\" \/><\/span> <\/label>\n<\/p>\n<p><label> Asunto<br \/>\n<span class=\"wpcf7-form-control-wrap\" data-name=\"your-subject\"><input size=\"40\" maxlength=\"400\" class=\"wpcf7-form-control wpcf7-text wpcf7-validates-as-required\" aria-required=\"true\" aria-invalid=\"false\" value=\"\" type=\"text\" name=\"your-subject\" \/><\/span> <\/label>\n<\/p>\n<p><label> Tu mensaje (opcional)<br \/>\n<span class=\"wpcf7-form-control-wrap\" data-name=\"your-message\"><textarea cols=\"40\" rows=\"10\" maxlength=\"2000\" class=\"wpcf7-form-control wpcf7-textarea\" aria-invalid=\"false\" name=\"your-message\"><\/textarea><\/span> <\/label>\n<\/p>\n<p><input class=\"wpcf7-form-control wpcf7-submit has-spinner\" type=\"submit\" value=\"Enviar\" \/>\n<\/p><div class=\"wpcf7-response-output\" aria-hidden=\"true\"><\/div>\n<\/form>\n<\/div>\n<\/div>\n<\/div>\n<div class=\"cmsmasters_column one_fourth\">\n<\/div>\n<\/div>\n<\/div>\n<\/div>\n<\/div>\n<\/div>\n\n","protected":false},"excerpt":{"rendered":"","protected":false},"author":1,"featured_media":0,"parent":0,"menu_order":0,"comment_status":"closed","ping_status":"closed","template":"","meta":{"footnotes":""},"class_list":["post-7366","page","type-page","status-publish","hentry"],"_links":{"self":[{"href":"https:\/\/planesdebodas.com\/index.php\/wp-json\/wp\/v2\/pages\/7366","targetHints":{"allow":["GET"]}}],"collection":[{"href":"https:\/\/planesdebodas.com\/index.php\/wp-json\/wp\/v2\/pages"}],"about":[{"href":"https:\/\/planesdebodas.com\/index.php\/wp-json\/wp\/v2\/types\/page"}],"author":[{"embeddable":true,"href":"https:\/\/planesdebodas.com\/index.php\/wp-json\/wp\/v2\/users\/1"}],"replies":[{"embeddable":true,"href":"https:\/\/planesdebodas.com\/index.php\/wp-json\/wp\/v2\/comments?post=7366"}],"version-history":[{"count":26,"href":"https:\/\/planesdebodas.com\/index.php\/wp-json\/wp\/v2\/pages\/7366\/revisions"}],"predecessor-version":[{"id":13185,"href":"https:\/\/planesdebodas.com\/index.php\/wp-json\/wp\/v2\/pages\/7366\/revisions\/13185"}],"wp:attachment":[{"href":"https:\/\/planesdebodas.com\/index.php\/wp-json\/wp\/v2\/media?parent=7366"}],"curies":[{"name":"wp","href":"https:\/\/api.w.org\/{rel}","templated":true}]}}